{"id":68,"date":"2023-07-12T11:41:41","date_gmt":"2023-07-12T16:41:41","guid":{"rendered":"https:\/\/eldesergio.wordpress.com\/?page_id=68"},"modified":"2023-12-23T21:41:06","modified_gmt":"2023-12-23T21:41:06","slug":"arenas-serrano","status":"publish","type":"page","link":"https:\/\/eldesergio.com\/index.php\/arenas-serrano\/","title":{"rendered":"Arenas Serrano"},"content":{"rendered":"\t\t<div data-elementor-type=\"wp-page\" data-elementor-id=\"68\" class=\"elementor elementor-68\">\n\t\t\t\t\t\t\t\t\t<section class=\"elementor-section elementor-top-section elementor-element elementor-element-04bd73c elementor-section-boxed elementor-section-height-default elementor-section-height-default\" data-id=\"04bd73c\" data-element_type=\"section\">\n\t\t\t\t\t\t<div class=\"elementor-container elementor-column-gap-default\">\n\t\t\t\t\t<div class=\"elementor-column elementor-col-100 elementor-top-column elementor-element elementor-element-7001bed\" data-id=\"7001bed\" data-element_type=\"column\">\n\t\t\t<div class=\"elementor-widget-wrap elementor-element-populated\">\n\t\t\t\t\t\t\t\t<div class=\"elementor-element elementor-element-0fe0b0f elementor-widget elementor-widget-image\" data-id=\"0fe0b0f\" data-element_type=\"widget\" data-widget_type=\"image.default\">\n\t\t\t\t<div class=\"elementor-widget-container\">\n\t\t\t<style>\/*! elementor - v3.17.0 - 08-11-2023 *\/\n.elementor-widget-image{text-align:center}.elementor-widget-image a{display:inline-block}.elementor-widget-image a img[src$=\".svg\"]{width:48px}.elementor-widget-image img{vertical-align:middle;display:inline-block}<\/style>\t\t\t\t\t\t\t\t\t\t\t\t<img fetchpriority=\"high\" decoding=\"async\" width=\"1024\" height=\"768\" src=\"https:\/\/eldesergio.com\/wp-content\/uploads\/2023\/11\/Image20231113213324-1024x768.jpg\" class=\"attachment-large size-large wp-image-473\" alt=\"\" srcset=\"https:\/\/eldesergio.com\/wp-content\/uploads\/2023\/11\/Image20231113213324-1024x768.jpg 1024w, https:\/\/eldesergio.com\/wp-content\/uploads\/2023\/11\/Image20231113213324-300x225.jpg 300w, https:\/\/eldesergio.com\/wp-content\/uploads\/2023\/11\/Image20231113213324-768x576.jpg 768w, https:\/\/eldesergio.com\/wp-content\/uploads\/2023\/11\/Image20231113213324.jpg 1440w\" sizes=\"(max-width: 1024px) 100vw, 1024px\" \/>\t\t\t\t\t\t\t\t\t\t\t\t\t\t\t<\/div>\n\t\t\t\t<\/div>\n\t\t\t\t<div class=\"elementor-element elementor-element-ee4b712 elementor-widget elementor-widget-image\" data-id=\"ee4b712\" data-element_type=\"widget\" data-widget_type=\"image.default\">\n\t\t\t\t<div class=\"elementor-widget-container\">\n\t\t\t\t\t\t\t\t\t\t\t\t\t\t\t<img decoding=\"async\" width=\"1024\" height=\"382\" src=\"https:\/\/eldesergio.com\/wp-content\/uploads\/2023\/11\/Image20231116201225-1024x382.jpg\" class=\"attachment-large size-large wp-image-514\" alt=\"\" srcset=\"https:\/\/eldesergio.com\/wp-content\/uploads\/2023\/11\/Image20231116201225-1024x382.jpg 1024w, https:\/\/eldesergio.com\/wp-content\/uploads\/2023\/11\/Image20231116201225-300x112.jpg 300w, https:\/\/eldesergio.com\/wp-content\/uploads\/2023\/11\/Image20231116201225-768x287.jpg 768w, https:\/\/eldesergio.com\/wp-content\/uploads\/2023\/11\/Image20231116201225-1536x573.jpg 1536w, https:\/\/eldesergio.com\/wp-content\/uploads\/2023\/11\/Image20231116201225-2048x765.jpg 2048w\" sizes=\"(max-width: 1024px) 100vw, 1024px\" \/>\t\t\t\t\t\t\t\t\t\t\t\t\t\t\t<\/div>\n\t\t\t\t<\/div>\n\t\t\t\t<div class=\"elementor-element elementor-element-b1f616a gallery-spacing-custom elementor-widget elementor-widget-image-gallery\" data-id=\"b1f616a\" data-element_type=\"widget\" data-widget_type=\"image-gallery.default\">\n\t\t\t\t<div class=\"elementor-widget-container\">\n\t\t\t<style>\/*! elementor - v3.17.0 - 08-11-2023 *\/\n.elementor-image-gallery .gallery-item{display:inline-block;text-align:center;vertical-align:top;width:100%;max-width:100%;margin:0 auto}.elementor-image-gallery .gallery-item img{margin:0 auto}.elementor-image-gallery .gallery-item .gallery-caption{margin:0}.elementor-image-gallery figure img{display:block}.elementor-image-gallery figure figcaption{width:100%}.gallery-spacing-custom .elementor-image-gallery .gallery-icon{padding:0}@media (min-width:768px){.elementor-image-gallery .gallery-columns-2 .gallery-item{max-width:50%}.elementor-image-gallery .gallery-columns-3 .gallery-item{max-width:33.33%}.elementor-image-gallery .gallery-columns-4 .gallery-item{max-width:25%}.elementor-image-gallery .gallery-columns-5 .gallery-item{max-width:20%}.elementor-image-gallery .gallery-columns-6 .gallery-item{max-width:16.666%}.elementor-image-gallery .gallery-columns-7 .gallery-item{max-width:14.28%}.elementor-image-gallery .gallery-columns-8 .gallery-item{max-width:12.5%}.elementor-image-gallery .gallery-columns-9 .gallery-item{max-width:11.11%}.elementor-image-gallery .gallery-columns-10 .gallery-item{max-width:10%}}@media (min-width:480px) and (max-width:767px){.elementor-image-gallery .gallery.gallery-columns-2 .gallery-item,.elementor-image-gallery .gallery.gallery-columns-3 .gallery-item,.elementor-image-gallery .gallery.gallery-columns-4 .gallery-item,.elementor-image-gallery .gallery.gallery-columns-5 .gallery-item,.elementor-image-gallery .gallery.gallery-columns-6 .gallery-item,.elementor-image-gallery .gallery.gallery-columns-7 .gallery-item,.elementor-image-gallery .gallery.gallery-columns-8 .gallery-item,.elementor-image-gallery .gallery.gallery-columns-9 .gallery-item,.elementor-image-gallery .gallery.gallery-columns-10 .gallery-item{max-width:50%}}@media (max-width:479px){.elementor-image-gallery .gallery.gallery-columns-2 .gallery-item,.elementor-image-gallery .gallery.gallery-columns-3 .gallery-item,.elementor-image-gallery .gallery.gallery-columns-4 .gallery-item,.elementor-image-gallery .gallery.gallery-columns-5 .gallery-item,.elementor-image-gallery .gallery.gallery-columns-6 .gallery-item,.elementor-image-gallery .gallery.gallery-columns-7 .gallery-item,.elementor-image-gallery .gallery.gallery-columns-8 .gallery-item,.elementor-image-gallery .gallery.gallery-columns-9 .gallery-item,.elementor-image-gallery .gallery.gallery-columns-10 .gallery-item{max-width:100%}}<\/style>\t\t<div class=\"elementor-image-gallery\">\n\t\t\t<div id='gallery-1' class='gallery galleryid-68 gallery-columns-3 gallery-size-full'><figure class='gallery-item'>\n\t\t\t<div class='gallery-icon portrait'>\n\t\t\t\t<img decoding=\"async\" width=\"750\" height=\"1113\" src=\"https:\/\/eldesergio.com\/wp-content\/uploads\/2023\/11\/Image20231113211244.jpg\" class=\"attachment-full size-full\" alt=\"\" srcset=\"https:\/\/eldesergio.com\/wp-content\/uploads\/2023\/11\/Image20231113211244.jpg 750w, https:\/\/eldesergio.com\/wp-content\/uploads\/2023\/11\/Image20231113211244-202x300.jpg 202w, https:\/\/eldesergio.com\/wp-content\/uploads\/2023\/11\/Image20231113211244-690x1024.jpg 690w\" sizes=\"(max-width: 750px) 100vw, 750px\" \/>\n\t\t\t<\/div><\/figure><figure class='gallery-item'>\n\t\t\t<div class='gallery-icon portrait'>\n\t\t\t\t<img loading=\"lazy\" decoding=\"async\" width=\"750\" height=\"1334\" src=\"https:\/\/eldesergio.com\/wp-content\/uploads\/2023\/11\/Image20231113211301.jpg\" class=\"attachment-full size-full\" alt=\"\" srcset=\"https:\/\/eldesergio.com\/wp-content\/uploads\/2023\/11\/Image20231113211301.jpg 750w, https:\/\/eldesergio.com\/wp-content\/uploads\/2023\/11\/Image20231113211301-169x300.jpg 169w, https:\/\/eldesergio.com\/wp-content\/uploads\/2023\/11\/Image20231113211301-576x1024.jpg 576w\" sizes=\"(max-width: 750px) 100vw, 750px\" \/>\n\t\t\t<\/div><\/figure><figure class='gallery-item'>\n\t\t\t<div class='gallery-icon portrait'>\n\t\t\t\t<img loading=\"lazy\" decoding=\"async\" width=\"750\" height=\"1334\" src=\"https:\/\/eldesergio.com\/wp-content\/uploads\/2023\/11\/Image20231113211232.jpg\" class=\"attachment-full size-full\" alt=\"\" srcset=\"https:\/\/eldesergio.com\/wp-content\/uploads\/2023\/11\/Image20231113211232.jpg 750w, https:\/\/eldesergio.com\/wp-content\/uploads\/2023\/11\/Image20231113211232-169x300.jpg 169w, https:\/\/eldesergio.com\/wp-content\/uploads\/2023\/11\/Image20231113211232-576x1024.jpg 576w\" sizes=\"(max-width: 750px) 100vw, 750px\" \/>\n\t\t\t<\/div><\/figure>\n\t\t<\/div>\n\t\t<\/div>\n\t\t\t\t<\/div>\n\t\t\t\t<\/div>\n\t\t\t\t<div class=\"elementor-element elementor-element-06e05f4 elementor-widget elementor-widget-text-editor\" data-id=\"06e05f4\" data-element_type=\"widget\" data-widget_type=\"text-editor.default\">\n\t\t\t\t<div class=\"elementor-widget-container\">\n\t\t\t<style>\/*! elementor - v3.17.0 - 08-11-2023 *\/\n.elementor-widget-text-editor.elementor-drop-cap-view-stacked .elementor-drop-cap{background-color:#69727d;color:#fff}.elementor-widget-text-editor.elementor-drop-cap-view-framed .elementor-drop-cap{color:#69727d;border:3px solid;background-color:transparent}.elementor-widget-text-editor:not(.elementor-drop-cap-view-default) .elementor-drop-cap{margin-top:8px}.elementor-widget-text-editor:not(.elementor-drop-cap-view-default) .elementor-drop-cap-letter{width:1em;height:1em}.elementor-widget-text-editor .elementor-drop-cap{float:left;text-align:center;line-height:1;font-size:50px}.elementor-widget-text-editor .elementor-drop-cap-letter{display:inline-block}<\/style>\t\t\t\t<p>A Sam o Sammy, como le dicen sus abuelos, le gusta mucho la m\u00fasica, y componer canciones como pasatiempo; sobre todo de tipo urbano (hip hop y rap). Est\u00e1 aprendiendo a manejar programas de producci\u00f3n de m\u00fasica. Y ahora cursando el pen\u00faltimo a\u00f1o en Newsome High School. Le gusta mucho salir con sus compa\u00f1eros y amigos del barrio. Para hacer ejercicio le encanta salir a correr por el barrio con su perrito Chori (60lbs).<\/p>\t\t\t\t\t\t<\/div>\n\t\t\t\t<\/div>\n\t\t\t\t\t<\/div>\n\t\t<\/div>\n\t\t\t\t\t\t\t<\/div>\n\t\t<\/section>\n\t\t\t\t<section class=\"elementor-section elementor-top-section elementor-element elementor-element-e883238 elementor-section-boxed elementor-section-height-default elementor-section-height-default\" data-id=\"e883238\" data-element_type=\"section\">\n\t\t\t\t\t\t<div class=\"elementor-container elementor-column-gap-default\">\n\t\t\t\t\t<div class=\"elementor-column elementor-col-100 elementor-top-column elementor-element elementor-element-48d3ec6\" data-id=\"48d3ec6\" data-element_type=\"column\">\n\t\t\t<div class=\"elementor-widget-wrap elementor-element-populated\">\n\t\t\t\t\t\t\t\t<div class=\"elementor-element elementor-element-f2f0312 elementor-widget-divider--view-line elementor-widget elementor-widget-divider\" data-id=\"f2f0312\" data-element_type=\"widget\" data-widget_type=\"divider.default\">\n\t\t\t\t<div class=\"elementor-widget-container\">\n\t\t\t<style>\/*! elementor - v3.17.0 - 08-11-2023 *\/\n.elementor-widget-divider{--divider-border-style:none;--divider-border-width:1px;--divider-color:#0c0d0e;--divider-icon-size:20px;--divider-element-spacing:10px;--divider-pattern-height:24px;--divider-pattern-size:20px;--divider-pattern-url:none;--divider-pattern-repeat:repeat-x}.elementor-widget-divider .elementor-divider{display:flex}.elementor-widget-divider .elementor-divider__text{font-size:15px;line-height:1;max-width:95%}.elementor-widget-divider .elementor-divider__element{margin:0 var(--divider-element-spacing);flex-shrink:0}.elementor-widget-divider .elementor-icon{font-size:var(--divider-icon-size)}.elementor-widget-divider .elementor-divider-separator{display:flex;margin:0;direction:ltr}.elementor-widget-divider--view-line_icon .elementor-divider-separator,.elementor-widget-divider--view-line_text .elementor-divider-separator{align-items:center}.elementor-widget-divider--view-line_icon .elementor-divider-separator:after,.elementor-widget-divider--view-line_icon .elementor-divider-separator:before,.elementor-widget-divider--view-line_text .elementor-divider-separator:after,.elementor-widget-divider--view-line_text .elementor-divider-separator:before{display:block;content:\"\";border-bottom:0;flex-grow:1;border-top:var(--divider-border-width) var(--divider-border-style) var(--divider-color)}.elementor-widget-divider--element-align-left .elementor-divider .elementor-divider-separator>.elementor-divider__svg:first-of-type{flex-grow:0;flex-shrink:100}.elementor-widget-divider--element-align-left .elementor-divider-separator:before{content:none}.elementor-widget-divider--element-align-left .elementor-divider__element{margin-left:0}.elementor-widget-divider--element-align-right .elementor-divider .elementor-divider-separator>.elementor-divider__svg:last-of-type{flex-grow:0;flex-shrink:100}.elementor-widget-divider--element-align-right .elementor-divider-separator:after{content:none}.elementor-widget-divider--element-align-right .elementor-divider__element{margin-right:0}.elementor-widget-divider:not(.elementor-widget-divider--view-line_text):not(.elementor-widget-divider--view-line_icon) .elementor-divider-separator{border-top:var(--divider-border-width) var(--divider-border-style) var(--divider-color)}.elementor-widget-divider--separator-type-pattern{--divider-border-style:none}.elementor-widget-divider--separator-type-pattern.elementor-widget-divider--view-line .elementor-divider-separator,.elementor-widget-divider--separator-type-pattern:not(.elementor-widget-divider--view-line) .elementor-divider-separator:after,.elementor-widget-divider--separator-type-pattern:not(.elementor-widget-divider--view-line) .elementor-divider-separator:before,.elementor-widget-divider--separator-type-pattern:not([class*=elementor-widget-divider--view]) .elementor-divider-separator{width:100%;min-height:var(--divider-pattern-height);-webkit-mask-size:var(--divider-pattern-size) 100%;mask-size:var(--divider-pattern-size) 100%;-webkit-mask-repeat:var(--divider-pattern-repeat);mask-repeat:var(--divider-pattern-repeat);background-color:var(--divider-color);-webkit-mask-image:var(--divider-pattern-url);mask-image:var(--divider-pattern-url)}.elementor-widget-divider--no-spacing{--divider-pattern-size:auto}.elementor-widget-divider--bg-round{--divider-pattern-repeat:round}.rtl .elementor-widget-divider .elementor-divider__text{direction:rtl}.e-con-inner>.elementor-widget-divider,.e-con>.elementor-widget-divider{width:var(--container-widget-width,100%);--flex-grow:var(--container-widget-flex-grow)}<\/style>\t\t<div class=\"elementor-divider\">\n\t\t\t<span class=\"elementor-divider-separator\">\n\t\t\t\t\t\t<\/span>\n\t\t<\/div>\n\t\t\t\t<\/div>\n\t\t\t\t<\/div>\n\t\t\t\t<div class=\"elementor-element elementor-element-6c37d05 elementor-widget elementor-widget-image\" data-id=\"6c37d05\" data-element_type=\"widget\" data-widget_type=\"image.default\">\n\t\t\t\t<div class=\"elementor-widget-container\">\n\t\t\t\t\t\t\t\t\t\t\t\t\t\t\t<img loading=\"lazy\" decoding=\"async\" width=\"1024\" height=\"362\" src=\"https:\/\/eldesergio.com\/wp-content\/uploads\/2023\/11\/Image20231116201221-1024x362.jpg\" class=\"attachment-large size-large wp-image-513\" alt=\"\" srcset=\"https:\/\/eldesergio.com\/wp-content\/uploads\/2023\/11\/Image20231116201221-1024x362.jpg 1024w, https:\/\/eldesergio.com\/wp-content\/uploads\/2023\/11\/Image20231116201221-300x106.jpg 300w, https:\/\/eldesergio.com\/wp-content\/uploads\/2023\/11\/Image20231116201221-768x271.jpg 768w, https:\/\/eldesergio.com\/wp-content\/uploads\/2023\/11\/Image20231116201221-1536x543.jpg 1536w, https:\/\/eldesergio.com\/wp-content\/uploads\/2023\/11\/Image20231116201221-2048x724.jpg 2048w\" sizes=\"(max-width: 1024px) 100vw, 1024px\" \/>\t\t\t\t\t\t\t\t\t\t\t\t\t\t\t<\/div>\n\t\t\t\t<\/div>\n\t\t\t\t<div class=\"elementor-element elementor-element-9bb8f7f gallery-spacing-custom elementor-widget elementor-widget-image-gallery\" data-id=\"9bb8f7f\" data-element_type=\"widget\" data-widget_type=\"image-gallery.default\">\n\t\t\t\t<div class=\"elementor-widget-container\">\n\t\t\t\t\t<div class=\"elementor-image-gallery\">\n\t\t\t<div id='gallery-2' class='gallery galleryid-68 gallery-columns-3 gallery-size-full'><figure class='gallery-item'>\n\t\t\t<div class='gallery-icon portrait'>\n\t\t\t\t<img loading=\"lazy\" decoding=\"async\" width=\"750\" height=\"1334\" src=\"https:\/\/eldesergio.com\/wp-content\/uploads\/2023\/11\/Image20231113211251.jpg\" class=\"attachment-full size-full\" alt=\"\" srcset=\"https:\/\/eldesergio.com\/wp-content\/uploads\/2023\/11\/Image20231113211251.jpg 750w, https:\/\/eldesergio.com\/wp-content\/uploads\/2023\/11\/Image20231113211251-169x300.jpg 169w, https:\/\/eldesergio.com\/wp-content\/uploads\/2023\/11\/Image20231113211251-576x1024.jpg 576w\" sizes=\"(max-width: 750px) 100vw, 750px\" \/>\n\t\t\t<\/div><\/figure><figure class='gallery-item'>\n\t\t\t<div class='gallery-icon portrait'>\n\t\t\t\t<img loading=\"lazy\" decoding=\"async\" width=\"750\" height=\"1334\" src=\"https:\/\/eldesergio.com\/wp-content\/uploads\/2023\/11\/Image20231113211238.jpg\" class=\"attachment-full size-full\" alt=\"\" srcset=\"https:\/\/eldesergio.com\/wp-content\/uploads\/2023\/11\/Image20231113211238.jpg 750w, https:\/\/eldesergio.com\/wp-content\/uploads\/2023\/11\/Image20231113211238-169x300.jpg 169w, https:\/\/eldesergio.com\/wp-content\/uploads\/2023\/11\/Image20231113211238-576x1024.jpg 576w\" sizes=\"(max-width: 750px) 100vw, 750px\" \/>\n\t\t\t<\/div><\/figure><figure class='gallery-item'>\n\t\t\t<div class='gallery-icon portrait'>\n\t\t\t\t<img loading=\"lazy\" decoding=\"async\" width=\"750\" height=\"1334\" src=\"https:\/\/eldesergio.com\/wp-content\/uploads\/2023\/11\/Image20231113211256.jpg\" class=\"attachment-full size-full\" alt=\"\" srcset=\"https:\/\/eldesergio.com\/wp-content\/uploads\/2023\/11\/Image20231113211256.jpg 750w, https:\/\/eldesergio.com\/wp-content\/uploads\/2023\/11\/Image20231113211256-169x300.jpg 169w, https:\/\/eldesergio.com\/wp-content\/uploads\/2023\/11\/Image20231113211256-576x1024.jpg 576w\" sizes=\"(max-width: 750px) 100vw, 750px\" \/>\n\t\t\t<\/div><\/figure>\n\t\t<\/div>\n\t\t<\/div>\n\t\t\t\t<\/div>\n\t\t\t\t<\/div>\n\t\t\t\t<div class=\"elementor-element elementor-element-3614f44 elementor-widget elementor-widget-text-editor\" data-id=\"3614f44\" data-element_type=\"widget\" data-widget_type=\"text-editor.default\">\n\t\t\t\t<div class=\"elementor-widget-container\">\n\t\t\t\t\t\t\t<p>A Gigi le gusta mucho el baile, estuvo en una academia de baile aprendiendo t\u00e9cnicas de Jazz, Ballet, Hip Hop y Contempor\u00e1neo por 7 a\u00f1os. Alcanzaron un nivel competitivo, con el que lograron ir a otras ciudades a competir en el estado de la FL y a eventos nacionales como en New Jersey. Le gusta mucho ayudar en la cocina, e intentar diferentes recetas. Pinta bell\u00edsimo, creemos que trae consigo el gran talento de la abuela Tillita.<\/p>\t\t\t\t\t\t<\/div>\n\t\t\t\t<\/div>\n\t\t\t\t\t<\/div>\n\t\t<\/div>\n\t\t\t\t\t\t\t<\/div>\n\t\t<\/section>\n\t\t\t\t\t\t\t<\/div>\n\t\t","protected":false},"excerpt":{"rendered":"<p>A Sam o Sammy, como le dicen sus abuelos, le gusta mucho la m\u00fasica, y componer canciones como pasatiempo; sobre todo de tipo urbano (hip hop y rap). Est\u00e1 aprendiendo a manejar programas de producci\u00f3n de m\u00fasica. Y ahora cursando el pen\u00faltimo a\u00f1o en Newsome High School. Le gusta mucho salir con sus compa\u00f1eros y &hellip;<\/p>\n<p class=\"read-more\"> <a class=\"\" href=\"https:\/\/eldesergio.com\/index.php\/arenas-serrano\/\"> <span class=\"screen-reader-text\">Arenas Serrano<\/span> Read More &raquo;<\/a><\/p>\n","protected":false},"author":1,"featured_media":0,"parent":0,"menu_order":0,"comment_status":"closed","ping_status":"closed","template":"elementor_header_footer","meta":{"site-sidebar-layout":"default","site-content-layout":"","ast-site-content-layout":"","site-content-style":"default","site-sidebar-style":"default","ast-global-header-display":"","ast-banner-title-visibility":"","ast-main-header-display":"","ast-hfb-above-header-display":"","ast-hfb-below-header-display":"","ast-hfb-mobile-header-display":"","site-post-title":"","ast-breadcrumbs-content":"","ast-featured-img":"","footer-sml-layout":"","theme-transparent-header-meta":"","adv-header-id-meta":"","stick-header-meta":"","header-above-stick-meta":"","header-main-stick-meta":"","header-below-stick-meta":"","astra-migrate-meta-layouts":"default","ast-page-background-enabled":"default","ast-page-background-meta":{"desktop":{"background-color":"var(--ast-global-color-4)","background-image":"","background-repeat":"repeat","background-position":"center center","background-size":"auto","background-attachment":"scroll","background-type":"","background-media":"","overlay-type":"","overlay-color":"","overlay-gradient":""},"tablet":{"background-color":"","background-image":"","background-repeat":"repeat","background-position":"center center","background-size":"auto","background-attachment":"scroll","background-type":"","background-media":"","overlay-type":"","overlay-color":"","overlay-gradient":""},"mobile":{"background-color":"","background-image":"","background-repeat":"repeat","background-position":"center center","background-size":"auto","background-attachment":"scroll","background-type":"","background-media":"","overlay-type":"","overlay-color":"","overlay-gradient":""}},"ast-content-background-meta":{"desktop":{"background-color":"var(--ast-global-color-5)","background-image":"","background-repeat":"repeat","background-position":"center center","background-size":"auto","background-attachment":"scroll","background-type":"","background-media":"","overlay-type":"","overlay-color":"","overlay-gradient":""},"tablet":{"background-color":"var(--ast-global-color-5)","background-image":"","background-repeat":"repeat","background-position":"center center","background-size":"auto","background-attachment":"scroll","background-type":"","background-media":"","overlay-type":"","overlay-color":"","overlay-gradient":""},"mobile":{"background-color":"var(--ast-global-color-5)","background-image":"","background-repeat":"repeat","background-position":"center center","background-size":"auto","background-attachment":"scroll","background-type":"","background-media":"","overlay-type":"","overlay-color":"","overlay-gradient":""}},"footnotes":""},"_links":{"self":[{"href":"https:\/\/eldesergio.com\/index.php\/wp-json\/wp\/v2\/pages\/68"}],"collection":[{"href":"https:\/\/eldesergio.com\/index.php\/wp-json\/wp\/v2\/pages"}],"about":[{"href":"https:\/\/eldesergio.com\/index.php\/wp-json\/wp\/v2\/types\/page"}],"author":[{"embeddable":true,"href":"https:\/\/eldesergio.com\/index.php\/wp-json\/wp\/v2\/users\/1"}],"replies":[{"embeddable":true,"href":"https:\/\/eldesergio.com\/index.php\/wp-json\/wp\/v2\/comments?post=68"}],"version-history":[{"count":22,"href":"https:\/\/eldesergio.com\/index.php\/wp-json\/wp\/v2\/pages\/68\/revisions"}],"predecessor-version":[{"id":1020,"href":"https:\/\/eldesergio.com\/index.php\/wp-json\/wp\/v2\/pages\/68\/revisions\/1020"}],"wp:attachment":[{"href":"https:\/\/eldesergio.com\/index.php\/wp-json\/wp\/v2\/media?parent=68"}],"curies":[{"name":"wp","href":"https:\/\/api.w.org\/{rel}","templated":true}]}}